{"id":326,"date":"2024-06-30T20:05:27","date_gmt":"2024-06-30T20:05:27","guid":{"rendered":"https:\/\/bettybean.de\/?page_id=326"},"modified":"2026-03-17T19:27:55","modified_gmt":"2026-03-17T19:27:55","slug":"impressum","status":"publish","type":"page","link":"https:\/\/bettybean.de\/en\/impressum\/","title":{"rendered":"Imprint"},"content":{"rendered":"<div data-elementor-type=\"wp-page\" data-elementor-id=\"326\" class=\"elementor elementor-326\" data-elementor-post-type=\"page\">\n\t\t\t\t<div class=\"elementor-element elementor-element-da9d384 e-flex e-con-boxed e-con e-parent\" data-id=\"da9d384\" data-element_type=\"container\" data-e-type=\"container\">\n\t\t\t\t\t<div class=\"e-con-inner\">\n\t\t\t\t<div class=\"elementor-element elementor-element-b81d2eb elementor-widget elementor-widget-html\" data-id=\"b81d2eb\" data-element_type=\"widget\" data-e-type=\"widget\" data-widget_type=\"html.default\">\n\t\t\t\t\t<section style=\"background: #F7F4F1; padding: 80px 24px;\">\r\n  <div style=\"max-width: 800px; margin: 0 auto;\">\r\n\r\n    <p style=\"font-family: 'DM Sans', sans-serif; font-size: 11px; font-weight: 500; letter-spacing: 0.14em; text-transform: uppercase; color: #D17A61; margin-bottom: 12px;\">Rechtliches<\/p>\r\n    <h1 style=\"font-family: 'Comfortaa', sans-serif; font-size: clamp(28px, 4vw, 42px); font-weight: 400; color: #2A2622; line-height: 1.2; margin-bottom: 16px;\">Imprint<\/h1>\r\n    <div style=\"width: 40px; height: 2px; background: #E4B365; margin-bottom: 48px;\"><\/div>\r\n\r\n    <div style=\"background: #FFFFFF; border-radius: 4px; padding: 36px; margin-bottom: 16px;\">\r\n      <p style=\"font-family: 'Comfortaa', sans-serif; font-size: 16px; font-weight: 500; color: #2A2622; margin-bottom: 20px;\">Angaben gem\u00e4\u00df \u00a7 5 TMG<\/p>\r\n      <ul style=\"list-style: none; padding: 0; margin: 0;\">\r\n        <li style=\"font-family: 'DM Sans', sans-serif; font-size: 14px; color: #7A7068; padding: 10px 0; border-bottom: 1px solid #ede8e3; display: flex; justify-content: space-between; gap: 24px;\">\r\n          <span style=\"flex-shrink: 0;\">Unternehmen<\/span>\r\n          <span style=\"color: #2A2622; font-weight: 500; text-align: right;\">Betty Bean GmbH<\/span>\r\n        <\/li>\r\n        <li style=\"font-family: 'DM Sans', sans-serif; font-size: 14px; color: #7A7068; padding: 10px 0; border-bottom: 1px solid #ede8e3; display: flex; justify-content: space-between; gap: 24px;\">\r\n          <span style=\"flex-shrink: 0;\">Anschrift<\/span>\r\n          <span style=\"color: #2A2622; font-weight: 500; text-align: right;\">Schumannstra\u00dfe 27<br>60325 Frankfurt am Main<\/span>\r\n        <\/li>\r\n        <li style=\"font-family: 'DM Sans', sans-serif; font-size: 14px; color: #7A7068; padding: 10px 0; border-bottom: 1px solid #ede8e3; display: flex; justify-content: space-between; gap: 24px;\">\r\n          <span style=\"flex-shrink: 0;\">Gesch\u00e4ftsf\u00fchrerin<\/span>\r\n          <span style=\"color: #2A2622; font-weight: 500; text-align: right;\">Sonia Leisring<\/span>\r\n        <\/li>\r\n        <li style=\"font-family: 'DM Sans', sans-serif; font-size: 14px; color: #7A7068; padding: 10px 0; border-bottom: 1px solid #ede8e3; display: flex; justify-content: space-between; gap: 24px;\">\r\n          <span style=\"flex-shrink: 0;\">E-Mail<\/span>\r\n          <span style=\"color: #2A2622; font-weight: 500; text-align: right;\"><a href=\"mailto:hello@bettybean.de\" style=\"color: #4A6274; text-decoration: none;\">hello@bettybean.de<\/a><\/span>\r\n        <\/li>\r\n        <li style=\"font-family: 'DM Sans', sans-serif; font-size: 14px; color: #7A7068; padding: 10px 0; border-bottom: 1px solid #ede8e3; display: flex; justify-content: space-between; gap: 24px;\">\r\n          <span style=\"flex-shrink: 0;\">Handelsregister<\/span>\r\n          <span style=\"color: #2A2622; font-weight: 500; text-align: right;\">HRB 129605<\/span>\r\n        <\/li>\r\n        <li style=\"font-family: 'DM Sans', sans-serif; font-size: 14px; color: #7A7068; padding: 10px 0; border-bottom: 1px solid #ede8e3; display: flex; justify-content: space-between; gap: 24px;\">\r\n          <span style=\"flex-shrink: 0;\">Registergericht<\/span>\r\n          <span style=\"color: #2A2622; font-weight: 500; text-align: right;\">Amtsgericht Frankfurt am Main<\/span>\r\n        <\/li>\r\n        <li style=\"font-family: 'DM Sans', sans-serif; font-size: 14px; color: #7A7068; padding: 10px 0; display: flex; justify-content: space-between; gap: 24px;\">\r\n          <span style=\"flex-shrink: 0;\">USt-IdNr.<\/span>\r\n          <span style=\"color: #2A2622; font-weight: 500; text-align: right;\">DE360757114<\/span>\r\n        <\/li>\r\n      <\/ul>\r\n    <\/div>\r\n\r\n    <div style=\"background: #FFFFFF; border-radius: 4px; padding: 36px; margin-bottom: 16px;\">\r\n      <p style=\"font-family: 'Comfortaa', sans-serif; font-size: 16px; font-weight: 500; color: #2A2622; margin-bottom: 16px;\">Verantwortlich f\u00fcr den Inhalt<\/p>\r\n      <p style=\"font-family: 'DM Sans', sans-serif; font-size: 14px; color: #7A7068; line-height: 1.75;\">Sonia Leisring \u00b7 Betty Bean GmbH \u00b7 Schumannstra\u00dfe 27 \u00b7 60325 Frankfurt am Main<\/p>\r\n    <\/div>\r\n\r\n    <div style=\"background: #FFFFFF; border-radius: 4px; padding: 36px; margin-bottom: 16px;\">\r\n      <p style=\"font-family: 'Comfortaa', sans-serif; font-size: 16px; font-weight: 500; color: #2A2622; margin-bottom: 16px;\">Streitschlichtung<\/p>\r\n      <p style=\"font-family: 'DM Sans', sans-serif; font-size: 14px; color: #7A7068; line-height: 1.75; margin-bottom: 12px;\">Die Europ\u00e4ische Kommission stellt eine Plattform zur Online-Streitbeilegung (OS) bereit: <a href=\"https:\/\/ec.europa.eu\/consumers\/odr\" target=\"_blank\" style=\"color: #4A6274; text-decoration: none;\" rel=\"noopener\">ec.europa.eu\/consumers\/odr<\/a><\/p>\r\n      <p style=\"font-family: 'DM Sans', sans-serif; font-size: 14px; color: #7A7068; line-height: 1.75;\">Wir sind nicht bereit oder verpflichtet, an Streitbeilegungsverfahren vor einer Verbraucherschlichtungsstelle teilzunehmen.<\/p>\r\n    <\/div>\r\n\r\n    <div style=\"background: #FFFFFF; border-radius: 4px; padding: 36px;\">\r\n      <p style=\"font-family: 'Comfortaa', sans-serif; font-size: 16px; font-weight: 500; color: #2A2622; margin-bottom: 16px;\">Haftung f\u00fcr Inhalte<\/p>\r\n      <p style=\"font-family: 'DM Sans', sans-serif; font-size: 14px; color: #7A7068; line-height: 1.75;\">Als Diensteanbieter sind wir gem\u00e4\u00df \u00a7 7 Abs.1 TMG f\u00fcr eigene Inhalte auf diesen Seiten nach den allgemeinen Gesetzen verantwortlich. Nach \u00a7\u00a7 8 bis 10 TMG sind wir als Diensteanbieter jedoch nicht verpflichtet, \u00fcbermittelte oder gespeicherte fremde Informationen zu \u00fcberwachen.<\/p>\r\n    <\/div>\r\n\r\n  <\/div>\r\n<\/section>\t\t\t\t<\/div>\n\t\t\t\t\t<\/div>\n\t\t\t\t<\/div>\n\t\t\t\t<\/div>","protected":false},"excerpt":{"rendered":"<p>Rechtliches Impressum Angaben gem\u00e4\u00df \u00a7 5 TMG Unternehmen Betty Bean GmbH Anschrift Schumannstra\u00dfe 2760325 Frankfurt am Main Gesch\u00e4ftsf\u00fchrerin Sonia Leisring E-Mail hello@bettybean.de Handelsregister HRB 129605 Registergericht Amtsgericht Frankfurt am Main USt-IdNr. DE360757114 Verantwortlich f\u00fcr den Inhalt Sonia Leisring \u00b7 Betty Bean GmbH \u00b7 Schumannstra\u00dfe 27 \u00b7 60325 Frankfurt am Main Streitschlichtung Die Europ\u00e4ische Kommission stellt [&hellip;]<\/p>\n","protected":false},"author":2,"featured_media":0,"parent":0,"menu_order":0,"comment_status":"closed","ping_status":"closed","template":"","meta":{"_monsterinsights_skip_tracking":false,"_monsterinsights_sitenote_active":false,"_monsterinsights_sitenote_note":"","_monsterinsights_sitenote_category":0,"footnotes":""},"class_list":["post-326","page","type-page","status-publish","hentry"],"jetpack_sharing_enabled":true,"_links":{"self":[{"href":"https:\/\/bettybean.de\/en\/wp-json\/wp\/v2\/pages\/326","targetHints":{"allow":["GET"]}}],"collection":[{"href":"https:\/\/bettybean.de\/en\/wp-json\/wp\/v2\/pages"}],"about":[{"href":"https:\/\/bettybean.de\/en\/wp-json\/wp\/v2\/types\/page"}],"author":[{"embeddable":true,"href":"https:\/\/bettybean.de\/en\/wp-json\/wp\/v2\/users\/2"}],"replies":[{"embeddable":true,"href":"https:\/\/bettybean.de\/en\/wp-json\/wp\/v2\/comments?post=326"}],"version-history":[{"count":16,"href":"https:\/\/bettybean.de\/en\/wp-json\/wp\/v2\/pages\/326\/revisions"}],"predecessor-version":[{"id":3629,"href":"https:\/\/bettybean.de\/en\/wp-json\/wp\/v2\/pages\/326\/revisions\/3629"}],"wp:attachment":[{"href":"https:\/\/bettybean.de\/en\/wp-json\/wp\/v2\/media?parent=326"}],"curies":[{"name":"wp","href":"https:\/\/api.w.org\/{rel}","templated":true}]}}