{"id":3,"date":"2024-04-15T11:04:12","date_gmt":"2024-04-15T11:04:12","guid":{"rendered":"http:\/\/box5384\/cgi\/addon_GT.cgi?s=GT::WP::Install::Cpanel+%28vehvhlmy%29+-+127.0.0.1+%5Bnocaller%5D\/?page_id=3"},"modified":"2026-03-17T19:40:34","modified_gmt":"2026-03-17T19:40:34","slug":"datenschutz","status":"publish","type":"page","link":"https:\/\/bettybean.de\/en\/datenschutz\/","title":{"rendered":"Privacy policy"},"content":{"rendered":"<div data-elementor-type=\"wp-page\" data-elementor-id=\"3\" class=\"elementor elementor-3\" data-elementor-post-type=\"page\">\n\t\t\t\t<div class=\"elementor-element elementor-element-6fcf91b e-flex e-con-boxed e-con e-parent\" data-id=\"6fcf91b\" data-element_type=\"container\" data-e-type=\"container\">\n\t\t\t\t\t<div class=\"e-con-inner\">\n\t\t\t\t<div class=\"elementor-element elementor-element-433f73e elementor-widget elementor-widget-html\" data-id=\"433f73e\" data-element_type=\"widget\" data-e-type=\"widget\" data-widget_type=\"html.default\">\n\t\t\t\t\t<section style=\"background: #F7F4F1; padding: 80px 24px;\">\r\n  <div style=\"max-width: 800px; margin: 0 auto;\">\r\n\r\n    <p style=\"font-family: 'DM Sans', sans-serif; font-size: 11px; font-weight: 500; letter-spacing: 0.14em; text-transform: uppercase; color: #D17A61; margin-bottom: 12px;\">Rechtliches<\/p>\r\n    <h1 style=\"font-family: 'Comfortaa', sans-serif; font-size: clamp(28px, 4vw, 42px); font-weight: 400; color: #2A2622; line-height: 1.2; margin-bottom: 16px;\">Privacy policy<\/h1>\r\n    <div style=\"width: 40px; height: 2px; background: #E4B365; margin-bottom: 16px;\"><\/div>\r\n    <p style=\"font-family: 'DM Sans', sans-serif; font-size: 13px; color: #BFA6A0; margin-bottom: 48px;\">Stand: M\u00e4rz 2026<\/p>\r\n\r\n    <div style=\"background: #FFFFFF; border-radius: 4px; padding: 36px; margin-bottom: 16px;\">\r\n      <p style=\"font-family: 'Comfortaa', sans-serif; font-size: 16px; font-weight: 500; color: #2A2622; margin-bottom: 16px;\">1. Verantwortliche Stelle<\/p>\r\n      <p style=\"font-family: 'DM Sans', sans-serif; font-size: 14px; color: #7A7068; line-height: 1.75; margin-bottom: 12px;\">Betty Bean GmbH<br>Schumannstra\u00dfe 27<br>60325 Frankfurt am Main<\/p>\r\n      <p style=\"font-family: 'DM Sans', sans-serif; font-size: 14px; color: #7A7068; line-height: 1.75;\">E-Mail: <a href=\"mailto:hello@bettybean.de\" style=\"color: #4A6274; text-decoration: none;\">hello@bettybean.de<\/a><\/p>\r\n    <\/div>\r\n\r\n    <div style=\"background: #FFFFFF; border-radius: 4px; padding: 36px; margin-bottom: 16px;\">\r\n      <p style=\"font-family: 'Comfortaa', sans-serif; font-size: 16px; font-weight: 500; color: #2A2622; margin-bottom: 16px;\">2. Newsletter<\/p>\r\n      <p style=\"font-family: 'DM Sans', sans-serif; font-size: 14px; color: #7A7068; line-height: 1.75; margin-bottom: 12px;\">Wenn du unseren Newsletter abonnierst, verarbeitest wir deine E-Mail-Adresse und optional deinen Namen zur Zusendung von Neuigkeiten und Angeboten von Betty Bean.<\/p>\r\n      <p style=\"font-family: 'DM Sans', sans-serif; font-size: 14px; color: #7A7068; line-height: 1.75; margin-bottom: 12px;\">Die Anmeldung erfolgt per Double-Opt-In. Die Rechtsgrundlage ist Art. 6 Abs. 1 lit. a DSGVO (Einwilligung). Du kannst dich jederzeit abmelden.<\/p>\r\n      <p style=\"font-family: 'DM Sans', sans-serif; font-size: 14px; color: #7A7068; line-height: 1.75; margin-bottom: 12px;\">Wir nutzen f\u00fcr den Newsletter-Versand <strong style=\"color: #2A2622;\">GoHighLevel<\/strong> (HighLevel Inc., USA) sowie <strong style=\"color: #2A2622;\">MailPoet<\/strong> (Wysija SARL, Frankreich).<\/p>\r\n      <p style=\"font-family: 'DM Sans', sans-serif; font-size: 14px; color: #7A7068; line-height: 1.75;\">Datenschutz GoHighLevel: <a href=\"https:\/\/www.gohighlevel.com\/privacy-policy\" target=\"_blank\" style=\"color: #4A6274; text-decoration: none;\" rel=\"noopener\">gohighlevel.com\/privacy-policy<\/a><br>Datenschutz MailPoet: <a href=\"https:\/\/www.mailpoet.com\/privacy-notice\/\" target=\"_blank\" style=\"color: #4A6274; text-decoration: none;\" rel=\"noopener\">mailpoet.com\/privacy-notice<\/a><\/p>\r\n    <\/div>\r\n\r\n    <div style=\"background: #FFFFFF; border-radius: 4px; padding: 36px; margin-bottom: 16px;\">\r\n      <p style=\"font-family: 'Comfortaa', sans-serif; font-size: 16px; font-weight: 500; color: #2A2622; margin-bottom: 16px;\">3. Disclosure of Data<\/p>\r\n      <p style=\"font-family: 'DM Sans', sans-serif; font-size: 14px; color: #7A7068; line-height: 1.75; margin-bottom: 12px;\">Eine \u00dcbermittlung deiner Daten an Dritte findet nur statt wenn:<\/p>\r\n      <ul style=\"list-style: none; padding: 0; margin: 0;\">\r\n        <li style=\"font-family: 'DM Sans', sans-serif; font-size: 14px; color: #7A7068; padding: 8px 0; border-bottom: 1px solid #ede8e3; display: flex; gap: 10px;\">\r\n          <span style=\"color: #E4B365; flex-shrink: 0;\">\u2192<\/span>du deine ausdr\u00fcckliche Einwilligung erteilt hast (Art. 6 Abs. 1 lit. a DSGVO)\r\n        <\/li>\r\n        <li style=\"font-family: 'DM Sans', sans-serif; font-size: 14px; color: #7A7068; padding: 8px 0; border-bottom: 1px solid #ede8e3; display: flex; gap: 10px;\">\r\n          <span style=\"color: #E4B365; flex-shrink: 0;\">\u2192<\/span>dies zur Abwicklung von Vertragsverh\u00e4ltnissen erforderlich ist (Art. 6 Abs. 1 lit. b DSGVO)\r\n        <\/li>\r\n        <li style=\"font-family: 'DM Sans', sans-serif; font-size: 14px; color: #7A7068; padding: 8px 0; display: flex; gap: 10px;\">\r\n          <span style=\"color: #E4B365; flex-shrink: 0;\">\u2192<\/span>eine gesetzliche Verpflichtung besteht (Art. 6 Abs. 1 lit. c DSGVO)\r\n        <\/li>\r\n      <\/ul>\r\n    <\/div>\r\n\r\n    <div style=\"background: #FFFFFF; border-radius: 4px; padding: 36px; margin-bottom: 16px;\">\r\n      <p style=\"font-family: 'Comfortaa', sans-serif; font-size: 16px; font-weight: 500; color: #2A2622; margin-bottom: 16px;\">4. Cookies<\/p>\r\n      <p style=\"font-family: 'DM Sans', sans-serif; font-size: 14px; color: #7A7068; line-height: 1.75; margin-bottom: 12px;\">Unsere Website verwendet technisch notwendige Cookies f\u00fcr den Betrieb des Shops (z.B. Warenkorb, Login). Diese Cookies sind f\u00fcr die Funktionsf\u00e4higkeit der Website erforderlich.<\/p>\r\n      <p style=\"font-family: 'DM Sans', sans-serif; font-size: 14px; color: #7A7068; line-height: 1.75;\">Dar\u00fcber hinaus setzen wir derzeit keine weiteren Tracking- oder Analyse-Cookies ein. Falls sich dies \u00e4ndert, werden wir diese Datenschutzerkl\u00e4rung aktualisieren.<\/p>\r\n    <\/div>\r\n\r\n    <div style=\"background: #FFFFFF; border-radius: 4px; padding: 36px; margin-bottom: 16px;\">\r\n      <p style=\"font-family: 'Comfortaa', sans-serif; font-size: 16px; font-weight: 500; color: #2A2622; margin-bottom: 16px;\">5. Datenspeicherung<\/p>\r\n      <p style=\"font-family: 'DM Sans', sans-serif; font-size: 14px; color: #7A7068; line-height: 1.75;\">Wir speichern deine personenbezogenen Daten nur so lange, wie dies zur Erreichung der genannten Zwecke erforderlich ist oder du deine Einwilligung widerrufst. Nach Wegfall des Zwecks werden die Daten entsprechend den gesetzlichen Vorschriften gel\u00f6scht.<\/p>\r\n    <\/div>\r\n\r\n    <div style=\"background: #FFFFFF; border-radius: 4px; padding: 36px; margin-bottom: 16px;\">\r\n      <p style=\"font-family: 'Comfortaa', sans-serif; font-size: 16px; font-weight: 500; color: #2A2622; margin-bottom: 16px;\">6. Deine Rechte<\/p>\r\n      <p style=\"font-family: 'DM Sans', sans-serif; font-size: 14px; color: #7A7068; line-height: 1.75; margin-bottom: 12px;\">Du hast das Recht auf Auskunft, Berichtigung, L\u00f6schung, Einschr\u00e4nkung der Verarbeitung und Daten\u00fcbertragbarkeit deiner personenbezogenen Daten.<\/p>\r\n      <p style=\"font-family: 'DM Sans', sans-serif; font-size: 14px; color: #7A7068; line-height: 1.75; margin-bottom: 12px;\">Du kannst eine einmal erteilte Einwilligung jederzeit widerrufen und hast das Recht, dich bei einer Datenschutz-Aufsichtsbeh\u00f6rde zu beschweren.<\/p>\r\n      <p style=\"font-family: 'DM Sans', sans-serif; font-size: 14px; color: #7A7068; line-height: 1.75;\">F\u00fcr Anfragen wende dich an: <a href=\"mailto:hello@bettybean.de\" style=\"color: #4A6274; text-decoration: none;\">hello@bettybean.de<\/a><\/p>\r\n    <\/div>\r\n\r\n    <div style=\"background: #FFFFFF; border-radius: 4px; padding: 36px; margin-bottom: 16px;\">\r\n      <p style=\"font-family: 'Comfortaa', sans-serif; font-size: 16px; font-weight: 500; color: #2A2622; margin-bottom: 16px;\">7. Datensicherheit<\/p>\r\n      <p style=\"font-family: 'DM Sans', sans-serif; font-size: 14px; color: #7A7068; line-height: 1.75;\">Unsere Website nutzt SSL-Verschl\u00fcsselung f\u00fcr die sichere \u00dcbertragung deiner Daten. Du erkennst dies an dem Schloss-Symbol in der Adresszeile deines Browsers.<\/p>\r\n    <\/div>\t\t\t\t<\/div>\n\t\t\t\t\t<\/div>\n\t\t\t\t<\/div>\n\t\t\t\t<\/div>","protected":false},"excerpt":{"rendered":"<p>Rechtliches Datenschutzerkl\u00e4rung Stand: M\u00e4rz 2026 1. Verantwortliche Stelle Betty Bean GmbHSchumannstra\u00dfe 2760325 Frankfurt am Main E-Mail: hello@bettybean.de 2. Newsletter Wenn du unseren Newsletter abonnierst, verarbeitest wir deine E-Mail-Adresse und optional deinen Namen zur Zusendung von Neuigkeiten und Angeboten von Betty Bean. Die Anmeldung erfolgt per Double-Opt-In. Die Rechtsgrundlage ist Art. 6 Abs. 1 lit. a [&hellip;]<\/p>\n","protected":false},"author":1,"featured_media":0,"parent":0,"menu_order":0,"comment_status":"closed","ping_status":"closed","template":"","meta":{"_monsterinsights_skip_tracking":false,"_monsterinsights_sitenote_active":false,"_monsterinsights_sitenote_note":"","_monsterinsights_sitenote_category":0,"footnotes":""},"class_list":["post-3","page","type-page","status-publish","hentry"],"jetpack_sharing_enabled":true,"_links":{"self":[{"href":"https:\/\/bettybean.de\/en\/wp-json\/wp\/v2\/pages\/3","targetHints":{"allow":["GET"]}}],"collection":[{"href":"https:\/\/bettybean.de\/en\/wp-json\/wp\/v2\/pages"}],"about":[{"href":"https:\/\/bettybean.de\/en\/wp-json\/wp\/v2\/types\/page"}],"author":[{"embeddable":true,"href":"https:\/\/bettybean.de\/en\/wp-json\/wp\/v2\/users\/1"}],"replies":[{"embeddable":true,"href":"https:\/\/bettybean.de\/en\/wp-json\/wp\/v2\/comments?post=3"}],"version-history":[{"count":20,"href":"https:\/\/bettybean.de\/en\/wp-json\/wp\/v2\/pages\/3\/revisions"}],"predecessor-version":[{"id":3636,"href":"https:\/\/bettybean.de\/en\/wp-json\/wp\/v2\/pages\/3\/revisions\/3636"}],"wp:attachment":[{"href":"https:\/\/bettybean.de\/en\/wp-json\/wp\/v2\/media?parent=3"}],"curies":[{"name":"wp","href":"https:\/\/api.w.org\/{rel}","templated":true}]}}